{"id":39,"date":"2013-07-16T22:45:23","date_gmt":"2013-07-16T20:45:23","guid":{"rendered":"http:\/\/seilziehclub-gonten.ch\/wordpress\/?page_id=39"},"modified":"2024-04-03T12:40:24","modified_gmt":"2024-04-03T10:40:24","slug":"chronik","status":"publish","type":"page","link":"https:\/\/seilziehclub-gonten.ch\/?page_id=39","title":{"rendered":"Erfolge"},"content":{"rendered":"\n<div class=\"is-layout-flex wp-container-3 wp-block-columns\">\n<div class=\"is-layout-flow wp-block-column\"><\/div>\n\n\n\n<div class=\"is-layout-flow wp-block-column\"><\/div>\n<\/div>\n\n\n\n<figure class=\"wp-block-table\"><table><tbody><tr><td><strong><span style=\"color: #008000;\"><strong><strong>2023<\/strong><\/strong><\/span><\/strong><\/td><td>Die Damen beenden die Schweizermeisterschaft auf dem 2. Rang.<\/td><\/tr><tr><td><strong><span style=\"color: #008000;\"><strong><strong>2022<\/strong><\/strong><\/span><\/strong><\/td><td>Die Damen beenden die Schweizermeisterschaft auf dem 1. Rang.<br>Michaela Koch durfte sich zus\u00e4tzlich eine Bronzemedaille in der Gewichtsklasse 540kg, von den World Games in Alabama holen. Michaela Neff schaffte es mit dem Seilziehclub Engelberg beim GENSB-Turnier bis in Viertelfinal. Im September reisten die Frauen nach Holland wo Sie unter Gonten im Open-Turnier den hervorragenden 4. Platz erreichten in der Kategorie 500kg. Michaela Neff &amp; Rahel Schmid erogen sich in der U19Mixed Nationalmannschaft die Silber Medaille. Laura Meier erzog sich in der Mixed U23 die Gold Medaille. In der Kategorie U23 Frauen erzogen sich Michaele Neff, Laura Meier, Rahel Schmid &amp; Luzia Fuster die Bronze Medaille. Bei der Frauen Elite Nationalmannschaft waren Michaela Koch &amp; Tanja Knechtle mit von der Partie in den Kategorien 500kg &amp; 540kg, sie erzogen sich die Silber Medaille in 500kg &amp; bei 540kg rangierten sie sich auf dem 4. Rang. Michaela Koch unterst\u00fctzte die Elitemixed Mannschaft &amp; erzog sich die Bronze Medaille. <\/td><\/tr><tr><td><strong><span style=\"color: #008000;\"><strong><strong>2021<\/strong><\/strong><\/span><\/strong><\/td><td>\n<p style=\"text-align: left;\">Die Aufbausaison. Das junge Damen-Team beendet die Saison mit dem 4. Rang in der Schweizermeisterschaft. Michaela Koch durfte als einzige Gontnerin im September mit der Nationalmannschaft an die Weltmeisterschaften in Getxo (Baskenland, Spanien) reisen. Sie erk\u00e4mpfte sich mit der Nationalmannschaft gleich zwei Vizeweltmeistertitel (5ookg &amp; 54okg) und die Bronzemedaille an den Openturnieren.&nbsp;<\/p>\n<\/td><\/tr><tr><td><strong><span style=\"color: #008000;\"><strong>2020<\/strong><\/span><\/strong><\/td><td>Das Corona-Jahr. Es finden weder Schweizermeisterschaft noch Weltmeisterschaft statt.<br>Im September konnten dann allerdings noch zwei Trainingsturniere statt finden. Beide Wettk\u00e4mpfe beenden die Damen auf dem 2. Rang.<\/td><\/tr><tr><td><strong><span style=\"color: #008000;\"><strong>2019<\/strong><\/span><\/strong><\/td><td>Die Damen beenden die Schweizermeisterschaft auf dem 2. Rang.<br>Yvonne F\u00e4ssler, Tanja Knechtle, Michaela Koch, Silvia Manser und Trainer Franz F\u00e4ssler kehren als Europameister in der Kategorie bis 520 kg aus Castlebar (IRL) zur\u00fcck.<br>Yvonne F\u00e4ssler, Erika Hautle, Tanja Knechtle, Michaela Koch, Silvia Manser und Trainer Franz F\u00e4ssler erk\u00e4mpfen sich in der Gewichtsklasse 560 kg Gold an der EM.<\/td><\/tr><tr><td><strong><span style=\"color: #008000;\"><strong><strong>2018<\/strong><\/strong><\/span><\/strong><\/td><td>Die Damen werden nach einer Saison ohne Punktverlust Schweizermeister 2018.<br>Tanja Knechtle und Trainer Franz F\u00e4ssler erk\u00e4mpfen an der WM in S\u00fcdafrika den 3. Schlussrang in der Kategorie U23.<br>Jasmin Br\u00fclisauer, Judith D\u00e4hler, Yvonne F\u00e4ssler, Tanja Knechtle, Michaela Koch, Silvia Manser und Trainer Franz F\u00e4ssler werden Vize-Weltmeister in der Kategorie Damen bis 500 kg.<br>Jasmin Br\u00fclisauer, Judith D\u00e4hler, Yvonne F\u00e4ssler, Erika Hautle, Silvia Manser und Trainer Franz F\u00e4ssler gewinnen an der WM in S\u00fcdafrika die Silbermedaille in der Kategorie Damen bis 540 kg.<\/td><\/tr><tr><td><strong><span style=\"color: #008000;\"><strong>2017<\/strong><\/span><\/strong><\/td><td>Die Damen beenden nach einer bis zu letzt spannenden Saison die Meisterschaft als Vize-Schweizermeister.<br>Tanja Knechtle und Trainer Franz F\u00e4ssler werden in Southport (ENG) Weltmeister in der Kategorie U23.<br>Jasmin Br\u00fclisauer, Judith D\u00e4hler, Yvonne F\u00e4ssler, Tanja Knechtle, Michaela Koch, Silvia Manser und Trainer Franz F\u00e4ssler erk\u00e4mpfen sich an der EM in Southport (ENG) Bronze in der Kategorie Damen bis 520 kg.<br>Jasmin Br\u00fclisauer, Judith D\u00e4hler, Yvonne F\u00e4ssler, Erika Hautle, Tanja Knechtle, Silvia Manser und Trainer Franz F\u00e4ssler verteidigen an der EM in Southport (ENG) erfolgreich den Europameistertitel in der Kategorie Damen bis 560 kg.<\/td><\/tr><tr><td><strong><span style=\"color: #008000;\">2016<\/span><\/strong><\/td><td>Die Damen erk\u00e4mpfen sich souver\u00e4n den Schweizermeister-Titel.<br>Jasmin Br\u00fclisauer, Judith D\u00e4hler, Ursula F\u00e4ssler, Yvonne F\u00e4ssler, Tanja Knechtle, Michaela Koch, Silvia Manser, Ramona von Arx und Trainer Franz F\u00e4ssler erreichen an der WM in Malm\u00f6 (SWE) den 4. Schlussrang in der Kategorie Damen bis 500 kg.<br>Jasmin Br\u00fclisauer, Judith D\u00e4hler, Ursula F\u00e4ssler, Erika Hautle, Liselotte Leuch, Silvia Manser, Tanja Knechtle und Trainer Franz F\u00e4ssler erreichen an der WM in Malm\u00f6 (SWE) den 4. Schlussrang in der Kategorie Damen bis 540 kg.<\/td><\/tr><tr><td><strong><span style=\"color: #008000;\">2015<\/span><\/strong><\/td><td>Die Damen beenden die Meisterschaft als Schweizermeister.<br>Jasmin Br\u00fclisauer, Judith D\u00e4hler, Ursula F\u00e4ssler, Yvonne F\u00e4ssler, Tanja Knechtle, Liselotte Leuch, Silvia Manser und Trainer Franz F\u00e4ssler kehren als Europameister in der Kategorie bis 520 kg aus Belfast zur\u00fcck.<br>Jasmin Br\u00fclisauer, Judith D\u00e4hler, Ursula F\u00e4ssler, Yvonne F\u00e4ssler, Liselotte Leuch, Silvia Manser und Trainer Franz F\u00e4ssler erk\u00e4mpfen sich in der Gewichtsklasse 560 kg Gold an der EM.<\/td><\/tr><tr><td><strong><span style=\"color: #008000;\">2014<\/span><\/strong><\/td><td>Die Damen beenden die Meisterschaft als Schweizermeister.<br>Jasmin Br\u00fclisauer, Judith D\u00e4hler, Ursula F\u00e4ssler, Yvonne F\u00e4ssler, Tanja Knechtle, Silvia Manser und Trainer Franz F\u00e4ssler erreichen an der WM in Madison (USA) in der Kategorie bis 500 kg den 3. Rang.<br>Jasmin Br\u00fclisauer, Judith D\u00e4hler, Ursula F\u00e4ssler, Erika Hautle, Liselotte Leuch, Silvia Manser und Trainer Franz F\u00e4ssler werden an der WM in Madison (USA) in der Kategorie bis 540 kg Vize-Weltmeister.<br>Bei den Open-Wettk\u00e4mpfen an der WM erk\u00e4mpften sich die Gontner-Frauen in der Kategorie 540 kg den 2. Schlussrang.<\/td><\/tr><tr><td><strong><span style=\"color: #008000;\">2013<\/span><\/strong><\/td><td>Die Damen beenden die Schweizer-Meisterschaft als Vize-Meister.<br>Mario Broger wird erneut Weltmeister in der Kategorie U 23.<br>Jasmin Br\u00fclisauer, Ursula F\u00e4ssler, Yvonne F\u00e4ssler, Erika Hautle, Judith Knechtle, Liselotte Leuch, Silvia Manser und Trainer Franz F\u00e4ssler erreichen an der EM in Assen in der Kategorie bis 520 kg den 3. Rang.<br>Jasmin Br\u00fclisauer, Ursula F\u00e4ssler, Yvonne F\u00e4ssler, Erika Hautle, Liselotte Leuch, Silvia Manser und Trainer Franz F\u00e4ssler werden an der EM in Assen in der Kategorie bis 560 kg Vize-Europameister.<\/td><\/tr><tr><td><strong><span style=\"color: #008000;\">2012<\/span><\/strong><\/td><td>Die Damen beenden die Meisterschaft als Schweizermeister.<br>Mario Broger erk\u00e4mpft sich in der U 23 an der Heim-WM in Appenzell den Weltmeistertitel.<br>Jasmin Br\u00fclisauer und Yvonne F\u00e4ssler erreichten in der Kategorie 540 kg den 5. Schlussrang.<br>Judith Knechtle, Nadine R\u00e4ss und Yvonne F\u00e4ssler verpassen die Bronze-Medaille in der Kategorie 500 kg und beenden die Weltmeisterschaft auf dem 4. Rang.<br>Bei den Open-Wettk\u00e4mpfen an der Heim-WM gewinnen die Gontner-Frauen \u00dc 30 in der Kategorie 540 kg und sind somit Club-Weltmeister. In der Kategorie 500 kg doppeln die Frauen nach und erreichen den 2. und 3. Schlussrang.<\/td><\/tr><tr><td><strong><span style=\"color: #008000;\">2011<\/span><\/strong><\/td><td>Mario Broger kehrt als Weltmeister der Kategorie U23 von der WM in England zur\u00fcck.<br>Jasmin Br\u00fclisauer und Yvonne F\u00e4ssler erk\u00e4mpfen sich EM-Bronze in der Kategorie Damen 560 kg.<br>Judith Knechtle und Nadine M\u00fcller (Damen 520 kg) erreichen den 4. Schlussrang an der EM in Minehead.<br>Die Damen beenden die Schweizermeisterschaft auf dem 2. Rang<\/td><\/tr><tr><td><strong><span style=\"color: #008000;\">2010<\/span><\/strong><\/td><td>Mario Broger kehrt als Weltmeister der Kategorie U23 von der WM in S\u00fcdafrika zur\u00fcck.<br>Christian Neff erk\u00e4mpft sich an der WM die bronzene Medaille.<br>Judith Knechtle (Damen 500 kg) und Nadine M\u00fcller (Damen 540 kg) erreichen jeweils den 5. Schlussrang bei der WM in S\u00fcdafrika.<br>Die Damen beenden die Schweizermeisterschaft auf dem 3. Rang.<br>Die Herren 580 kg und die Damen gewinnen beim Saisonstart den Schweizer-Cup.<\/td><\/tr><tr><td><strong><span style=\"color: #008000;\">2009<\/span><\/strong><\/td><td>Mario Broger erk\u00e4mpft an der Weltmeisterschaft in der Kategorie U19 Bronze.<br>Christian Neff und Thomas Keller werden Vize-Europameister in der Gewichtsklasse 600 kg.<br>Yvonne F\u00e4ssler und Roswitha Ulmann gewinnen Bronze an der EM bei den Damen bis 560 kg.<br>Die Damen beenden die Schweizermeisterschaft auf dem 2. Rang.<br>Jeweils den 4. Rang in der Jahreswertung erreichten: Herren 560 kg, Herren 600 kg und U23.<\/td><\/tr><tr><td><strong><span style=\"color: #008000;\">2008<\/span><\/strong><\/td><td>Die Open-Mannschaft U 23 gewinnt an der Club-Weltmeisterschaft in Stenungsund (SWE) den 3. Rang.<br>Daniel Dobler gewinnt Silber an der WM mit der Nationalmannschaft U 23.<br>Christian Neff und Thomas Keller werden Vizeweltmeister, Herren 560 kg.<br>Judith Knechtle, Nadine M\u00fcller und Yvonne F\u00e4ssler (Ersatz) gewinnen Bronze an der WM bei den Damen bis 520 kg.<br>Manuela Graf und Erika Hautle erk\u00e4mpfen sich 2 x Bronze an der WM.<br>Die Damen beenden die Schweizermeisterschaft auf dem 2. Rang.<\/td><\/tr><tr><td><strong><span style=\"color: #008000;\">2007<\/span><\/strong><\/td><td>Die Open-Mannschaft U 23 gewinnt an der Club-Europameisterschaft in Minehead den 3. Rang.<br>Manuela Graf und Erika Hautle erk\u00e4mpfen 2 x Silber an der EM in England.<br>Die Damen gewinnen den 3. Rang in der Schweizermeisterschaft.<\/td><\/tr><tr><td><strong><span style=\"color: #008000;\">2006<\/span><\/strong><\/td><td>Die Damen beenden die Meisterschaft auf dem 3. Rang.<br>Daniela F\u00e4ssler, Manuela Graf und Erika Hautle fahren mit 2 x Bronze an der WM in Assen zur\u00fcck in die Schweiz.<\/td><\/tr><tr><td><strong><span style=\"color: #008000;\">2005<\/span><\/strong><\/td><td>Die Damen gewinnen an der Club-Europameisterschaft in Italien.<br>Die Schweizermeisterschaft beenden die Damen auf dem 2. Rang.<br>Silvia Manser, Roswitha Ulmann, Daniela F\u00e4ssler, Doris R\u00fcttimann und Erika Hautle erk\u00e4mpfen sich an der EM in Cento 2 x Silber.<br>Roman Sutter und Toni Koch werden Weltmeister in der Gruppe U 23.<\/td><\/tr><tr><td><strong><span style=\"color: #008000;\">2004<\/span><\/strong><\/td><td>K\u00f6bi Oertle wird neuer Pr\u00e4sident.<br>Toni Koch und Christian Neff werden mit der U 23 Mannschaft Weltmeister in Rochester USA.<\/td><\/tr><tr><td><strong><span style=\"color: #008000;\">2003<\/span><\/strong><\/td><td>Die Damen gewinnen zum 2. Mal den Schweizermeistertitel und die Herren erreichen den 2. Platz in der Gewichtsklasse bis 560 kg.<\/td><\/tr><tr><td><strong><span style=\"color: #008000;\">2002<\/span><\/strong><\/td><td>Die Junioren erhalten die erste Medaille an einem Meisterturnier seit ihrer Gr\u00fcndung.<br>Die Herren erreichen am CH-Cup den ausgezeichneten 3. Platz.<br>Am int. Turnier in Stans schaute sogar ein Sieg heraus.<\/td><\/tr><tr><td><strong><span style=\"color: #008000;\">2001<\/span><\/strong><\/td><td>2001 EM in B\u00fctschwil: die Damen werden mit der Openmannschaft gute Dritte.<br>Auf nationaler Ebene erreichen die Damen den 1. Schweizermeistertitel.<\/td><\/tr><tr><td><strong><span style=\"color: #008000;\">2000<\/span><\/strong><\/td><td>Erika Hautle, Monika Knechtle und Silvia Manser bei den Damen und Toni Koch, Christian Neff und Roman Sutter bei den Junioren werden Weltmeister im englischen Blackpool.<\/td><\/tr><tr><td><strong><span style=\"color: #008000;\">1999<\/span><\/strong><\/td><td>Die Frauen erreichen den 3. Meisterschaftsrang.<br>An der EM in Holland erreichen die Schweizerinnen mit Erika Hautle und Silvia Manser den 2. Platz.<\/td><\/tr><tr><td><strong><span style=\"color: #008000;\">1998<\/span><\/strong><\/td><td>Im ersten Jahr in der 560 kg Meisterschaft werden die Herren 7.<br>Die Damen ganz knapp 2. hinter Waltenschwil-Kallern.<\/td><\/tr><tr><td><strong><span style=\"color: #008000;\">1997<\/span><\/strong><\/td><td>Die Frauen kommen dazu<\/td><\/tr><tr><td><strong><span style=\"color: #008000;\">1996<\/span><\/strong><\/td><td>Erste Erfahrung auf nationaler Ebene<\/td><\/tr><tr><td><strong><span style=\"color: #008000;\">1995<\/span><\/strong><\/td><td>Gr\u00fcndung des SZC Gonten mit 13 Mitgliedern<\/td><\/tr><\/tbody><\/table><\/figure>\n","protected":false},"excerpt":{"rendered":"<p>2023 Die Damen beenden die Schweizermeisterschaft auf dem 2. Rang. 2022 Die Damen beenden die Schweizermeisterschaft auf dem 1. Rang.Michaela Koch durfte sich zus\u00e4tzlich eine Bronzemedaille in der Gewichtsklasse 540kg, von den World Games in Alabama holen. Michaela Neff schaffte es mit dem Seilziehclub Engelberg beim GENSB-Turnier bis in Viertelfinal. Im September reisten die Frauen &hellip; <a class=\"read-excerpt\" href=\"https:\/\/seilziehclub-gonten.ch\/?page_id=39\">Weiterlesen <span class=\"meta-nav\">&raquo;<\/span><\/a><\/p>\n","protected":false},"author":2,"featured_media":0,"parent":0,"menu_order":0,"comment_status":"closed","ping_status":"closed","template":"","meta":{"ngg_post_thumbnail":0},"_links":{"self":[{"href":"https:\/\/seilziehclub-gonten.ch\/index.php?rest_route=\/wp\/v2\/pages\/39"}],"collection":[{"href":"https:\/\/seilziehclub-gonten.ch\/index.php?rest_route=\/wp\/v2\/pages"}],"about":[{"href":"https:\/\/seilziehclub-gonten.ch\/index.php?rest_route=\/wp\/v2\/types\/page"}],"author":[{"embeddable":true,"href":"https:\/\/seilziehclub-gonten.ch\/index.php?rest_route=\/wp\/v2\/users\/2"}],"replies":[{"embeddable":true,"href":"https:\/\/seilziehclub-gonten.ch\/index.php?rest_route=%2Fwp%2Fv2%2Fcomments&post=39"}],"version-history":[{"count":27,"href":"https:\/\/seilziehclub-gonten.ch\/index.php?rest_route=\/wp\/v2\/pages\/39\/revisions"}],"predecessor-version":[{"id":1600,"href":"https:\/\/seilziehclub-gonten.ch\/index.php?rest_route=\/wp\/v2\/pages\/39\/revisions\/1600"}],"wp:attachment":[{"href":"https:\/\/seilziehclub-gonten.ch\/index.php?rest_route=%2Fwp%2Fv2%2Fmedia&parent=39"}],"curies":[{"name":"wp","href":"https:\/\/api.w.org\/{rel}","templated":true}]}}