{"id":5,"date":"2013-07-15T13:56:58","date_gmt":"2013-07-15T11:56:58","guid":{"rendered":"http:\/\/seilziehclub-gonten.ch\/wordpress\/?page_id=5"},"modified":"2025-04-24T22:35:50","modified_gmt":"2025-04-24T20:35:50","slug":"home","status":"publish","type":"page","link":"https:\/\/seilziehclub-gonten.ch\/","title":{"rendered":"Home"},"content":{"rendered":"\n<figure class=\"wp-block-image size-large\"><a href=\"https:\/\/seilziehclub-gonten.ch\/wordpress\/wp-content\/uploads\/2025\/04\/1000084566-1.jpg\"><img decoding=\"async\" loading=\"lazy\" width=\"724\" height=\"1024\" src=\"https:\/\/seilziehclub-gonten.ch\/wordpress\/wp-content\/uploads\/2025\/04\/1000084566-1-724x1024.jpg\" alt=\"\" class=\"wp-image-1614\" srcset=\"https:\/\/seilziehclub-gonten.ch\/wordpress\/wp-content\/uploads\/2025\/04\/1000084566-1-724x1024.jpg 724w, https:\/\/seilziehclub-gonten.ch\/wordpress\/wp-content\/uploads\/2025\/04\/1000084566-1-212x300.jpg 212w, https:\/\/seilziehclub-gonten.ch\/wordpress\/wp-content\/uploads\/2025\/04\/1000084566-1-768x1086.jpg 768w, https:\/\/seilziehclub-gonten.ch\/wordpress\/wp-content\/uploads\/2025\/04\/1000084566-1-1086x1536.jpg 1086w, https:\/\/seilziehclub-gonten.ch\/wordpress\/wp-content\/uploads\/2025\/04\/1000084566-1.jpg 1414w\" sizes=\"(max-width: 724px) 100vw, 724px\" \/><\/a><\/figure>\n\n\n\n<figure class=\"wp-block-image size-large\"><a href=\"https:\/\/seilziehclub-gonten.ch\/wordpress\/wp-content\/uploads\/2025\/04\/1000084556-1.jpg\"><img decoding=\"async\" loading=\"lazy\" width=\"724\" height=\"1024\" src=\"https:\/\/seilziehclub-gonten.ch\/wordpress\/wp-content\/uploads\/2025\/04\/1000084556-1-724x1024.jpg\" alt=\"\" class=\"wp-image-1616\" srcset=\"https:\/\/seilziehclub-gonten.ch\/wordpress\/wp-content\/uploads\/2025\/04\/1000084556-1-724x1024.jpg 724w, https:\/\/seilziehclub-gonten.ch\/wordpress\/wp-content\/uploads\/2025\/04\/1000084556-1-212x300.jpg 212w, https:\/\/seilziehclub-gonten.ch\/wordpress\/wp-content\/uploads\/2025\/04\/1000084556-1-768x1086.jpg 768w, https:\/\/seilziehclub-gonten.ch\/wordpress\/wp-content\/uploads\/2025\/04\/1000084556-1-1086x1536.jpg 1086w, https:\/\/seilziehclub-gonten.ch\/wordpress\/wp-content\/uploads\/2025\/04\/1000084556-1.jpg 1131w\" sizes=\"(max-width: 724px) 100vw, 724px\" \/><\/a><\/figure>\n\n\n\n<h2><strong>Gontner Damen holen sich Schweizermeistertitel<\/strong><\/h2>\n\n\n\n<figure class=\"wp-block-image size-large\"><a href=\"http:\/\/seilziehclub-gonten.ch\/wordpress\/wp-content\/uploads\/2022\/09\/IMG-20220815-WA0030-1.jpg\"><img decoding=\"async\" loading=\"lazy\" width=\"1024\" height=\"682\" src=\"http:\/\/seilziehclub-gonten.ch\/wordpress\/wp-content\/uploads\/2022\/09\/IMG-20220815-WA0030-1-1024x682.jpg\" alt=\"\" class=\"wp-image-1462\" srcset=\"https:\/\/seilziehclub-gonten.ch\/wordpress\/wp-content\/uploads\/2022\/09\/IMG-20220815-WA0030-1-1024x682.jpg 1024w, https:\/\/seilziehclub-gonten.ch\/wordpress\/wp-content\/uploads\/2022\/09\/IMG-20220815-WA0030-1-300x200.jpg 300w, https:\/\/seilziehclub-gonten.ch\/wordpress\/wp-content\/uploads\/2022\/09\/IMG-20220815-WA0030-1-768x512.jpg 768w, https:\/\/seilziehclub-gonten.ch\/wordpress\/wp-content\/uploads\/2022\/09\/IMG-20220815-WA0030-1-1536x1023.jpg 1536w, https:\/\/seilziehclub-gonten.ch\/wordpress\/wp-content\/uploads\/2022\/09\/IMG-20220815-WA0030-1.jpg 1600w\" sizes=\"(max-width: 1024px) 100vw, 1024px\" \/><\/a><figcaption class=\"wp-element-caption\"><a href=\"http:\/\/seilziehclub-gonten.ch\/?p=1450\" data-type=\"URL\" data-id=\"http:\/\/seilziehclub-gonten.ch\/?p=1450\">Zum Bericht&#8230;<\/a><\/figcaption><\/figure>\n\n\n\n<h2><strong>Bronzemedaille an den World Games f\u00fcr Michaela Koch<\/strong><\/h2>\n\n\n\n<figure class=\"wp-block-image size-large\"><a href=\"http:\/\/seilziehclub-gonten.ch\/wordpress\/wp-content\/uploads\/2022\/07\/293153101_10224734868510567_2674465334672737722_n.jpg\"><img decoding=\"async\" loading=\"lazy\" width=\"1024\" height=\"683\" src=\"http:\/\/seilziehclub-gonten.ch\/wordpress\/wp-content\/uploads\/2022\/07\/293153101_10224734868510567_2674465334672737722_n-1024x683.jpg\" alt=\"\" class=\"wp-image-1441\" srcset=\"https:\/\/seilziehclub-gonten.ch\/wordpress\/wp-content\/uploads\/2022\/07\/293153101_10224734868510567_2674465334672737722_n-1024x683.jpg 1024w, https:\/\/seilziehclub-gonten.ch\/wordpress\/wp-content\/uploads\/2022\/07\/293153101_10224734868510567_2674465334672737722_n-300x200.jpg 300w, https:\/\/seilziehclub-gonten.ch\/wordpress\/wp-content\/uploads\/2022\/07\/293153101_10224734868510567_2674465334672737722_n-768x512.jpg 768w, https:\/\/seilziehclub-gonten.ch\/wordpress\/wp-content\/uploads\/2022\/07\/293153101_10224734868510567_2674465334672737722_n-1536x1025.jpg 1536w, https:\/\/seilziehclub-gonten.ch\/wordpress\/wp-content\/uploads\/2022\/07\/293153101_10224734868510567_2674465334672737722_n.jpg 2048w\" sizes=\"(max-width: 1024px) 100vw, 1024px\" \/><\/a><figcaption class=\"wp-element-caption\"><a href=\"http:\/\/seilziehclub-gonten.ch\/?p=1433\">Zum Bericht..<\/a>.<\/figcaption><\/figure>\n\n\n\n<div class=\"is-layout-flow wp-block-group\"><div class=\"wp-block-group__inner-container\">\n<h2><strong>Sieg f\u00fcr die Gontner Seilzieherinnen<\/strong><\/h2>\n\n\n\n<figure class=\"wp-block-image size-large\"><a href=\"http:\/\/seilziehclub-gonten.ch\/wordpress\/wp-content\/uploads\/2022\/06\/IMG-20220620-WA0003.jpg\"><img decoding=\"async\" loading=\"lazy\" width=\"1024\" height=\"683\" src=\"http:\/\/seilziehclub-gonten.ch\/wordpress\/wp-content\/uploads\/2022\/06\/IMG-20220620-WA0003-1024x683.jpg\" alt=\"\" class=\"wp-image-1420\" srcset=\"https:\/\/seilziehclub-gonten.ch\/wordpress\/wp-content\/uploads\/2022\/06\/IMG-20220620-WA0003-1024x683.jpg 1024w, https:\/\/seilziehclub-gonten.ch\/wordpress\/wp-content\/uploads\/2022\/06\/IMG-20220620-WA0003-300x200.jpg 300w, https:\/\/seilziehclub-gonten.ch\/wordpress\/wp-content\/uploads\/2022\/06\/IMG-20220620-WA0003-768x512.jpg 768w, https:\/\/seilziehclub-gonten.ch\/wordpress\/wp-content\/uploads\/2022\/06\/IMG-20220620-WA0003-1536x1024.jpg 1536w, https:\/\/seilziehclub-gonten.ch\/wordpress\/wp-content\/uploads\/2022\/06\/IMG-20220620-WA0003.jpg 2048w\" sizes=\"(max-width: 1024px) 100vw, 1024px\" \/><\/a><figcaption class=\"wp-element-caption\"><a href=\"http:\/\/seilziehclub-gonten.ch\/?p=1411\">Zum Bericht&#8230;<\/a><\/figcaption><\/figure>\n<\/div><\/div>\n\n\n\n<div class=\"is-layout-flow wp-block-group\"><div class=\"wp-block-group__inner-container\">\n<h2><strong>Schweisstreibendes &#8218;S\u00e4\u00e4lz\u00fcche&#8216; in Eggerstanden <\/strong><\/h2>\n\n\n\n<figure class=\"wp-block-image size-full\"><a href=\"http:\/\/seilziehclub-gonten.ch\/wordpress\/wp-content\/uploads\/2022\/06\/unbenannt-31-952x536-2.jpg\"><img decoding=\"async\" loading=\"lazy\" width=\"952\" height=\"536\" src=\"http:\/\/seilziehclub-gonten.ch\/wordpress\/wp-content\/uploads\/2022\/06\/unbenannt-31-952x536-2.jpg\" alt=\"\" class=\"wp-image-1409\" srcset=\"https:\/\/seilziehclub-gonten.ch\/wordpress\/wp-content\/uploads\/2022\/06\/unbenannt-31-952x536-2.jpg 952w, https:\/\/seilziehclub-gonten.ch\/wordpress\/wp-content\/uploads\/2022\/06\/unbenannt-31-952x536-2-300x169.jpg 300w, https:\/\/seilziehclub-gonten.ch\/wordpress\/wp-content\/uploads\/2022\/06\/unbenannt-31-952x536-2-768x432.jpg 768w\" sizes=\"(max-width: 952px) 100vw, 952px\" \/><\/a><figcaption class=\"wp-element-caption\"><a href=\"http:\/\/seilziehclub-gonten.ch\/?p=1401\">Zum Bericht&#8230;<\/a><\/figcaption><\/figure>\n<\/div><\/div>\n\n\n\n<div class=\"is-layout-flow wp-block-group\"><div class=\"wp-block-group__inner-container\">\n<h2><strong>Impressionen vom Schweizermeisterschaftsturnier in Stans <\/strong><\/h2>\n\n\n\n<figure class=\"wp-block-image size-large\"><a href=\"http:\/\/seilziehclub-gonten.ch\/wordpress\/wp-content\/uploads\/2022\/06\/IMG-20220605-WA0025.jpg\"><img decoding=\"async\" loading=\"lazy\" width=\"1024\" height=\"915\" src=\"http:\/\/seilziehclub-gonten.ch\/wordpress\/wp-content\/uploads\/2022\/06\/IMG-20220605-WA0025-1024x915.jpg\" alt=\"\" class=\"wp-image-1394\" srcset=\"https:\/\/seilziehclub-gonten.ch\/wordpress\/wp-content\/uploads\/2022\/06\/IMG-20220605-WA0025-1024x915.jpg 1024w, https:\/\/seilziehclub-gonten.ch\/wordpress\/wp-content\/uploads\/2022\/06\/IMG-20220605-WA0025-300x268.jpg 300w, https:\/\/seilziehclub-gonten.ch\/wordpress\/wp-content\/uploads\/2022\/06\/IMG-20220605-WA0025-768x686.jpg 768w, https:\/\/seilziehclub-gonten.ch\/wordpress\/wp-content\/uploads\/2022\/06\/IMG-20220605-WA0025-1536x1372.jpg 1536w, https:\/\/seilziehclub-gonten.ch\/wordpress\/wp-content\/uploads\/2022\/06\/IMG-20220605-WA0025.jpg 1600w\" sizes=\"(max-width: 1024px) 100vw, 1024px\" \/><\/a><figcaption class=\"wp-element-caption\"><a href=\"http:\/\/seilziehclub-gonten.ch\/?p=1387\">Zu den Impressionen&#8230; <\/a><\/figcaption><\/figure>\n<\/div><\/div>\n\n\n\n<div class=\"is-layout-flow wp-block-group\"><div class=\"wp-block-group__inner-container\">\n<h2 class=\"has-medium-font-size\"><strong>Seilzieherinnen aus Gonten erfolgreich in Sins<\/strong> <\/h2>\n\n\n\n<figure class=\"wp-block-image size-full\"><a href=\"http:\/\/seilziehclub-gonten.ch\/wordpress\/wp-content\/uploads\/2022\/06\/IMG-20220529-WA0033.jpg\"><img decoding=\"async\" loading=\"lazy\" width=\"1024\" height=\"768\" src=\"http:\/\/seilziehclub-gonten.ch\/wordpress\/wp-content\/uploads\/2022\/06\/IMG-20220529-WA0033.jpg\" alt=\"\" class=\"wp-image-1381\" srcset=\"https:\/\/seilziehclub-gonten.ch\/wordpress\/wp-content\/uploads\/2022\/06\/IMG-20220529-WA0033.jpg 1024w, https:\/\/seilziehclub-gonten.ch\/wordpress\/wp-content\/uploads\/2022\/06\/IMG-20220529-WA0033-300x225.jpg 300w, https:\/\/seilziehclub-gonten.ch\/wordpress\/wp-content\/uploads\/2022\/06\/IMG-20220529-WA0033-768x576.jpg 768w\" sizes=\"(max-width: 1024px) 100vw, 1024px\" \/><\/a><figcaption class=\"wp-element-caption\"><a href=\"http:\/\/seilziehclub-gonten.ch\/?p=1373\">Zum Bericht&#8230;<\/a><\/figcaption><\/figure>\n<\/div><\/div>\n\n\n\n<div class=\"is-layout-flow wp-block-group\"><div class=\"wp-block-group__inner-container\">\n<p class=\"has-medium-font-size\"><p class=\"has-medium-font-size\"><strong>Erfolgreicher Saisonstart f\u00fcr Damen des Seilziehclub Gonten <\/strong><\/p>         <\/p>\n\n\n\n<figure class=\"is-layout-flex wp-block-gallery-5 wp-block-gallery has-nested-images columns-default is-cropped\">\n<figure class=\"wp-block-image size-large\"><a href=\"http:\/\/seilziehclub-gonten.ch\/wordpress\/wp-content\/uploads\/2022\/06\/IMG-20220523-WA0012.jpg\"><img decoding=\"async\" loading=\"lazy\" width=\"1600\" height=\"1066\" src=\"http:\/\/seilziehclub-gonten.ch\/wordpress\/wp-content\/uploads\/2022\/06\/IMG-20220523-WA0012.jpg\" alt=\"\" class=\"wp-image-1364\" srcset=\"https:\/\/seilziehclub-gonten.ch\/wordpress\/wp-content\/uploads\/2022\/06\/IMG-20220523-WA0012.jpg 1600w, https:\/\/seilziehclub-gonten.ch\/wordpress\/wp-content\/uploads\/2022\/06\/IMG-20220523-WA0012-300x200.jpg 300w, https:\/\/seilziehclub-gonten.ch\/wordpress\/wp-content\/uploads\/2022\/06\/IMG-20220523-WA0012-1024x682.jpg 1024w, https:\/\/seilziehclub-gonten.ch\/wordpress\/wp-content\/uploads\/2022\/06\/IMG-20220523-WA0012-768x512.jpg 768w, https:\/\/seilziehclub-gonten.ch\/wordpress\/wp-content\/uploads\/2022\/06\/IMG-20220523-WA0012-1536x1023.jpg 1536w\" sizes=\"(max-width: 1600px) 100vw, 1600px\" \/><\/a><\/figure>\n\n\n\n<figure class=\"wp-block-image size-large\"><a href=\"http:\/\/seilziehclub-gonten.ch\/wordpress\/wp-content\/uploads\/2022\/06\/IMG-20220523-WA0010-Kopie.jpg\"><img decoding=\"async\" loading=\"lazy\" width=\"1600\" height=\"1066\" src=\"http:\/\/seilziehclub-gonten.ch\/wordpress\/wp-content\/uploads\/2022\/06\/IMG-20220523-WA0010-Kopie.jpg\" alt=\"\" class=\"wp-image-1363\" srcset=\"https:\/\/seilziehclub-gonten.ch\/wordpress\/wp-content\/uploads\/2022\/06\/IMG-20220523-WA0010-Kopie.jpg 1600w, https:\/\/seilziehclub-gonten.ch\/wordpress\/wp-content\/uploads\/2022\/06\/IMG-20220523-WA0010-Kopie-300x200.jpg 300w, https:\/\/seilziehclub-gonten.ch\/wordpress\/wp-content\/uploads\/2022\/06\/IMG-20220523-WA0010-Kopie-1024x682.jpg 1024w, https:\/\/seilziehclub-gonten.ch\/wordpress\/wp-content\/uploads\/2022\/06\/IMG-20220523-WA0010-Kopie-768x512.jpg 768w, https:\/\/seilziehclub-gonten.ch\/wordpress\/wp-content\/uploads\/2022\/06\/IMG-20220523-WA0010-Kopie-1536x1023.jpg 1536w\" sizes=\"(max-width: 1600px) 100vw, 1600px\" \/><\/a><\/figure>\n\n\n\n<figure class=\"wp-block-image size-large\"><a href=\"http:\/\/seilziehclub-gonten.ch\/wordpress\/wp-content\/uploads\/2022\/06\/IMG-20220523-WA0009.jpg\"><img decoding=\"async\" loading=\"lazy\" width=\"1600\" height=\"1066\" src=\"http:\/\/seilziehclub-gonten.ch\/wordpress\/wp-content\/uploads\/2022\/06\/IMG-20220523-WA0009.jpg\" alt=\"\" class=\"wp-image-1362\" srcset=\"https:\/\/seilziehclub-gonten.ch\/wordpress\/wp-content\/uploads\/2022\/06\/IMG-20220523-WA0009.jpg 1600w, https:\/\/seilziehclub-gonten.ch\/wordpress\/wp-content\/uploads\/2022\/06\/IMG-20220523-WA0009-300x200.jpg 300w, https:\/\/seilziehclub-gonten.ch\/wordpress\/wp-content\/uploads\/2022\/06\/IMG-20220523-WA0009-1024x682.jpg 1024w, https:\/\/seilziehclub-gonten.ch\/wordpress\/wp-content\/uploads\/2022\/06\/IMG-20220523-WA0009-768x512.jpg 768w, https:\/\/seilziehclub-gonten.ch\/wordpress\/wp-content\/uploads\/2022\/06\/IMG-20220523-WA0009-1536x1023.jpg 1536w\" sizes=\"(max-width: 1600px) 100vw, 1600px\" \/><\/a><\/figure>\n<figcaption class=\"blocks-gallery-caption wp-element-caption\"><a href=\"http:\/\/seilziehclub-gonten.ch\/?p=1361\">Zum Bericht&#8230;<\/a><\/figcaption><\/figure>\n<\/div><\/div>\n\n\n\n<div class=\"is-layout-flow wp-block-group\"><div class=\"wp-block-group__inner-container\">\n<div class=\"is-layout-flex wp-container-9 wp-block-columns\">\n<div class=\"is-layout-flow wp-block-column\" style=\"flex-basis:100%\">\n<h2 class=\"has-medium-font-size\"><strong>Der Seilziehclub Gonten strahlt in neuer Teambekleidung<\/strong><\/h2>\n\n\n\n<figure class=\"wp-block-image size-large\"><a href=\"http:\/\/seilziehclub-gonten.ch\/wordpress\/wp-content\/uploads\/2022\/06\/IMG-20220501-WA0004.jpg\"><img decoding=\"async\" loading=\"lazy\" width=\"1024\" height=\"683\" src=\"http:\/\/seilziehclub-gonten.ch\/wordpress\/wp-content\/uploads\/2022\/06\/IMG-20220501-WA0004-1024x683.jpg\" alt=\"\" class=\"wp-image-1358\" srcset=\"https:\/\/seilziehclub-gonten.ch\/wordpress\/wp-content\/uploads\/2022\/06\/IMG-20220501-WA0004-1024x683.jpg 1024w, https:\/\/seilziehclub-gonten.ch\/wordpress\/wp-content\/uploads\/2022\/06\/IMG-20220501-WA0004-300x200.jpg 300w, https:\/\/seilziehclub-gonten.ch\/wordpress\/wp-content\/uploads\/2022\/06\/IMG-20220501-WA0004-768x512.jpg 768w, https:\/\/seilziehclub-gonten.ch\/wordpress\/wp-content\/uploads\/2022\/06\/IMG-20220501-WA0004-1536x1024.jpg 1536w, https:\/\/seilziehclub-gonten.ch\/wordpress\/wp-content\/uploads\/2022\/06\/IMG-20220501-WA0004.jpg 2048w\" sizes=\"(max-width: 1024px) 100vw, 1024px\" \/><\/a><figcaption class=\"wp-element-caption\"><a href=\"http:\/\/seilziehclub-gonten.ch\/?p=1357\">Zum Bericht&#8230; <\/a><\/figcaption><\/figure>\n<\/div>\n<\/div>\n<\/div><\/div>\n\n\n<h3>Seilziehturnier Gonten 2022<\/h3>\n\n\t\t<style type=\"text\/css\">\n\t\t\t#gallery-1 {\n\t\t\t\tmargin: auto;\n\t\t\t}\n\t\t\t#gallery-1 .gallery-item {\n\t\t\t\tfloat: left;\n\t\t\t\tmargin-top: 10px;\n\t\t\t\ttext-align: center;\n\t\t\t\twidth: 33%;\n\t\t\t}\n\t\t\t#gallery-1 img {\n\t\t\t\tborder: 2px solid #cfcfcf;\n\t\t\t}\n\t\t\t#gallery-1 .gallery-caption {\n\t\t\t\tmargin-left: 0;\n\t\t\t}\n\t\t\t\/* see gallery_shortcode() in wp-includes\/media.php *\/\n\t\t<\/style>\n\t\t<div id='gallery-1' class='gallery galleryid-5 gallery-columns-3 gallery-size-thumbnail'><dl class='gallery-item'>\n\t\t\t<dt class='gallery-icon portrait'>\n\t\t\t\t<a href='https:\/\/seilziehclub-gonten.ch\/?attachment_id=1351'><img width=\"84\" height=\"150\" src=\"https:\/\/seilziehclub-gonten.ch\/wordpress\/wp-content\/uploads\/2022\/05\/Heimturnier-Gonten-2022-1.webp\" class=\"attachment-thumbnail size-thumbnail\" alt=\"\" decoding=\"async\" loading=\"lazy\" \/><\/a>\n\t\t\t<\/dt><\/dl>\n\t\t\t<br style='clear: both' \/>\n\t\t<\/div>\n\n<h3>&nbsp;<\/h3>\n<h3>&nbsp;<\/h3>\n<h3>Gontner Seilzieher am Sch\u00fclerturnier in Sevelen<\/h3>\n<p>&nbsp;<\/p>\n<p><a href=\"http:\/\/seilziehclub-gonten.ch\/wordpress\/wp-content\/uploads\/2021\/09\/1630420642_inn-seilziehen_gonten-d3874e28.jpg\"><img decoding=\"async\" loading=\"lazy\" class=\" wp-image-1318 alignleft\" src=\"http:\/\/seilziehclub-gonten.ch\/wordpress\/wp-content\/uploads\/2021\/09\/1630420642_inn-seilziehen_gonten-d3874e28.jpg\" alt=\"1630420642_inn-seilziehen_gonten-d3874e28\" width=\"630\" height=\"420\" srcset=\"https:\/\/seilziehclub-gonten.ch\/wordpress\/wp-content\/uploads\/2021\/09\/1630420642_inn-seilziehen_gonten-d3874e28.jpg 1000w, https:\/\/seilziehclub-gonten.ch\/wordpress\/wp-content\/uploads\/2021\/09\/1630420642_inn-seilziehen_gonten-d3874e28-300x200.jpg 300w\" sizes=\"(max-width: 630px) 100vw, 630px\" \/><\/a><\/p>\n<p>&nbsp;<\/p>\n<p>&nbsp;<\/p>\n<p>&nbsp;<\/p>\n<p>&nbsp;<\/p>\n<p>&nbsp;<\/p>\n<p>&nbsp;<\/p>\n<p>&nbsp;<\/p>\n<p>&nbsp;<\/p>\n<p>&nbsp;<\/p>\n<p>&nbsp;<\/p>\n<p>&nbsp;<\/p>\n<p>&nbsp;<\/p>\n<p>&nbsp;<\/p>\n<p>&nbsp;<\/p>\n<p><a href=\"http:\/\/seilziehclub-gonten.ch\/?page_id=7\">Hier geht&#8217;s zum Bericht&#8230;<\/a><\/p>\n<p>_________________________________________________________________<\/p>\n<h3>&nbsp;<\/h3>\n<h3>Saison 2021 gestartet<\/h3>\n<p><a href=\"http:\/\/seilziehclub-gonten.ch\/wordpress\/wp-content\/uploads\/2021\/06\/197462217_4764385713578848_6246241843853475327_n.jpg\"><img decoding=\"async\" loading=\"lazy\" class=\" wp-image-1270 alignleft\" src=\"http:\/\/seilziehclub-gonten.ch\/wordpress\/wp-content\/uploads\/2021\/06\/197462217_4764385713578848_6246241843853475327_n.jpg\" alt=\"197462217_4764385713578848_6246241843853475327_n\" width=\"691\" height=\"461\" srcset=\"https:\/\/seilziehclub-gonten.ch\/wordpress\/wp-content\/uploads\/2021\/06\/197462217_4764385713578848_6246241843853475327_n.jpg 960w, https:\/\/seilziehclub-gonten.ch\/wordpress\/wp-content\/uploads\/2021\/06\/197462217_4764385713578848_6246241843853475327_n-300x200.jpg 300w\" sizes=\"(max-width: 691px) 100vw, 691px\" \/><\/a><\/p>\n<p>&nbsp;<\/p>\n<p><a href=\"http:\/\/seilziehclub-gonten.ch\/?page_id=7\">Hier geht&#8217;s zum Bericht&#8230;<\/a><\/p>\n<p>_________________________________________________________________<\/p>\n<h3>Nach Absage des Heimturniers im Mai, konnte nun noch zumindest ein Trainingswettkampf durchgef\u00fchrt werden&#8230;<\/h3>\n<p>&nbsp;<\/p>\n<p><a href=\"http:\/\/seilziehclub-gonten.ch\/wordpress\/wp-content\/uploads\/2020\/09\/20200927_103325.jpg\"><img decoding=\"async\" loading=\"lazy\" class=\"aligncenter size-medium wp-image-1232\" src=\"http:\/\/seilziehclub-gonten.ch\/wordpress\/wp-content\/uploads\/2020\/09\/20200927_103325-300x225.jpg\" alt=\"20200927_103325\" width=\"300\" height=\"225\" srcset=\"https:\/\/seilziehclub-gonten.ch\/wordpress\/wp-content\/uploads\/2020\/09\/20200927_103325-300x225.jpg 300w, https:\/\/seilziehclub-gonten.ch\/wordpress\/wp-content\/uploads\/2020\/09\/20200927_103325-1024x768.jpg 1024w\" sizes=\"(max-width: 300px) 100vw, 300px\" \/><\/a>&nbsp;<a href=\"http:\/\/seilziehclub-gonten.ch\/wordpress\/wp-content\/uploads\/2020\/09\/20200927_114325-e1601305804890.jpg\"><img decoding=\"async\" loading=\"lazy\" class=\"aligncenter size-medium wp-image-1236\" src=\"http:\/\/seilziehclub-gonten.ch\/wordpress\/wp-content\/uploads\/2020\/09\/20200927_114325-e1601305804890-225x300.jpg\" alt=\"20200927_114325\" width=\"225\" height=\"300\" srcset=\"https:\/\/seilziehclub-gonten.ch\/wordpress\/wp-content\/uploads\/2020\/09\/20200927_114325-e1601305804890-225x300.jpg 225w, https:\/\/seilziehclub-gonten.ch\/wordpress\/wp-content\/uploads\/2020\/09\/20200927_114325-e1601305804890-768x1024.jpg 768w\" sizes=\"(max-width: 225px) 100vw, 225px\" \/><\/a><\/p>\n<p>&nbsp;<\/p>\n<p><a title=\"Trainingsturnier\" href=\"http:\/\/seilziehclub-gonten.ch\/?p=1233\">Hier geht&#8217;s zum Bericht<\/a><\/p>\n<p>_________________________________________________________________<\/p>\n<h3>&nbsp;<\/h3>\n<p>&nbsp;<\/p>\n<h3>&nbsp;<\/h3>\n<p>&nbsp;<\/p>\n<h3>&nbsp;<\/h3>\n<h3><a href=\"http:\/\/www.vollversion.de\" target=\"_top\" rel=\"noopener\"><img decoding=\"async\" title=\"Kostenlose Vollversionen zum Download\" src=\"http:\/\/www.counter.de\/counter.php?account=1192217495\" alt=\"Kostenlose Vollversionen zum Download\" border=\"0\"><\/a><\/h3>\n<h3>&nbsp;<\/h3>\n<p>&nbsp;<\/p>","protected":false},"excerpt":{"rendered":"<p>Gontner Damen holen sich Schweizermeistertitel Bronzemedaille an den World Games f\u00fcr Michaela Koch Sieg f\u00fcr die Gontner Seilzieherinnen Schweisstreibendes &#8218;S\u00e4\u00e4lz\u00fcche&#8216; in Eggerstanden Impressionen vom Schweizermeisterschaftsturnier in Stans Seilzieherinnen aus Gonten erfolgreich in Sins Erfolgreicher Saisonstart f\u00fcr Damen des Seilziehclub Gonten Der Seilziehclub Gonten strahlt in neuer Teambekleidung Seilziehturnier Gonten 2022 &nbsp; &nbsp; Gontner Seilzieher am &hellip; <a class=\"read-excerpt\" href=\"https:\/\/seilziehclub-gonten.ch\/\">Weiterlesen <span class=\"meta-nav\">&raquo;<\/span><\/a><\/p>\n","protected":false},"author":1,"featured_media":0,"parent":0,"menu_order":0,"comment_status":"closed","ping_status":"closed","template":"","meta":{"ngg_post_thumbnail":0},"_links":{"self":[{"href":"https:\/\/seilziehclub-gonten.ch\/index.php?rest_route=\/wp\/v2\/pages\/5"}],"collection":[{"href":"https:\/\/seilziehclub-gonten.ch\/index.php?rest_route=\/wp\/v2\/pages"}],"about":[{"href":"https:\/\/seilziehclub-gonten.ch\/index.php?rest_route=\/wp\/v2\/types\/page"}],"author":[{"embeddable":true,"href":"https:\/\/seilziehclub-gonten.ch\/index.php?rest_route=\/wp\/v2\/users\/1"}],"replies":[{"embeddable":true,"href":"https:\/\/seilziehclub-gonten.ch\/index.php?rest_route=%2Fwp%2Fv2%2Fcomments&post=5"}],"version-history":[{"count":255,"href":"https:\/\/seilziehclub-gonten.ch\/index.php?rest_route=\/wp\/v2\/pages\/5\/revisions"}],"predecessor-version":[{"id":1617,"href":"https:\/\/seilziehclub-gonten.ch\/index.php?rest_route=\/wp\/v2\/pages\/5\/revisions\/1617"}],"wp:attachment":[{"href":"https:\/\/seilziehclub-gonten.ch\/index.php?rest_route=%2Fwp%2Fv2%2Fmedia&parent=5"}],"curies":[{"name":"wp","href":"https:\/\/api.w.org\/{rel}","templated":true}]}}