{"id":892,"date":"2018-03-17T14:13:53","date_gmt":"2018-03-17T12:13:53","guid":{"rendered":"http:\/\/seilziehclub-gonten.ch\/?page_id=892"},"modified":"2020-03-13T17:39:58","modified_gmt":"2020-03-13T15:39:58","slug":"archiv","status":"publish","type":"page","link":"https:\/\/seilziehclub-gonten.ch\/?page_id=892","title":{"rendered":"Archiv"},"content":{"rendered":"<h1>2 x Gold an der EM in Castlebar (IRL)<\/h1>\n<h1><\/h1>\n<h1><a href=\"http:\/\/seilziehclub-gonten.ch\/wordpress\/wp-content\/uploads\/2019\/09\/IMG-20190907-WA0038.jpg\"><img decoding=\"async\" loading=\"lazy\" alt=\"IMG-20190907-WA0038\" src=\"http:\/\/seilziehclub-gonten.ch\/wordpress\/wp-content\/uploads\/2019\/09\/IMG-20190907-WA0038-1024x768.jpg\" width=\"717\" height=\"538\" \/><\/a><\/h1>\n<h1><\/h1>\n<h1><a href=\"http:\/\/seilziehclub-gonten.ch\/wordpress\/wp-content\/uploads\/2019\/09\/FB_IMG_1567975270127.jpg\"><img decoding=\"async\" loading=\"lazy\" alt=\"FB_IMG_1567975270127\" src=\"http:\/\/seilziehclub-gonten.ch\/wordpress\/wp-content\/uploads\/2019\/09\/FB_IMG_1567975270127-1024x768.jpg\" width=\"717\" height=\"538\" \/><\/a><\/h1>\n<p><a href=\"http:\/\/seilziehclub-gonten.ch\/?page_id=7\">Medienbericht<\/a><\/p>\n<p><a href=\"http:\/\/seilziehclub-gonten.ch\/?page_id=67\">Zu den Bildern<\/a><\/p>\n<h1>_______________________________________________________________________________________________________________<\/h1>\n<h1><b>Landfrauen zu Besuch in Appenzell<\/b><\/h1>\n<p>&nbsp;<\/p>\n<h1><a href=\"http:\/\/seilziehclub-gonten.ch\/wordpress\/wp-content\/uploads\/2019\/02\/Landfrauen.jpg\"><img decoding=\"async\" loading=\"lazy\" alt=\"Landfrauen\" src=\"http:\/\/seilziehclub-gonten.ch\/wordpress\/wp-content\/uploads\/2019\/02\/Landfrauen-1024x768.jpg\" width=\"614\" height=\"461\" \/><\/a><\/h1>\n<h1><\/h1>\n<p><a href=\"http:\/\/seilziehclub-gonten.ch\/?page_id=7\">Medienbericht<\/a><\/p>\n<p>_______________________________________________________________________________________________________________<\/p>\n<h1><b>\u201eBravo, ich bin stolz auf euch alle!\u201c<\/b><\/h1>\n<p>&nbsp;<\/p>\n<h1><a href=\"http:\/\/seilziehclub-gonten.ch\/wordpress\/wp-content\/uploads\/2019\/01\/IMG-20181217-WA0006.jpg\"><img decoding=\"async\" loading=\"lazy\" alt=\"IMG-20181217-WA0006\" src=\"http:\/\/seilziehclub-gonten.ch\/wordpress\/wp-content\/uploads\/2019\/01\/IMG-20181217-WA0006.jpg\" width=\"576\" height=\"432\" \/><\/a><\/h1>\n<h1><\/h1>\n<p><a href=\"http:\/\/seilziehclub-gonten.ch\/?page_id=7\">Medienbericht<\/a><\/p>\n<p>_______________________________________________________________________________________________________________<\/p>\n<h1>Glanzleistungen in Beruf und Sport<\/h1>\n<h1><a href=\"http:\/\/seilziehclub-gonten.ch\/wordpress\/wp-content\/uploads\/2018\/11\/1543225509_inn-Ehrung_2018_006-dbc79cbc.jpg\"><img decoding=\"async\" loading=\"lazy\" alt=\"1543225509_inn-Ehrung_2018_006-dbc79cbc\" src=\"http:\/\/seilziehclub-gonten.ch\/wordpress\/wp-content\/uploads\/2018\/11\/1543225509_inn-Ehrung_2018_006-dbc79cbc.jpg\" width=\"720\" height=\"481\" \/><\/a><\/h1>\n<p><a href=\"http:\/\/seilziehclub-gonten.ch\/?page_id=7\">Medienbericht<\/a><\/p>\n<p>_______________________________________________________________________________________________________________<\/p>\n<p>&nbsp;<\/p>\n<h1>Zweimal Silber und einmal Bronze f\u00fcr Gontnerinnen<\/h1>\n<h1><\/h1>\n<p>&nbsp;<\/p>\n<p><strong>Damen 500 kg &#8211; Vize-Weltmeister<\/strong><\/p>\n<p><a href=\"http:\/\/seilziehclub-gonten.ch\/wordpress\/wp-content\/uploads\/2018\/09\/29893971887_d6db283e46_z.jpg\"><img decoding=\"async\" loading=\"lazy\" alt=\"29893971887_d6db283e46_z\" src=\"http:\/\/seilziehclub-gonten.ch\/wordpress\/wp-content\/uploads\/2018\/09\/29893971887_d6db283e46_z.jpg\" width=\"640\" height=\"372\" \/><\/a><\/p>\n<p>&nbsp;<\/p>\n<p>&nbsp;<\/p>\n<p><strong>Damen 540 kg &#8211; Vize-Weltmeister<\/strong><\/p>\n<p><a href=\"http:\/\/seilziehclub-gonten.ch\/wordpress\/wp-content\/uploads\/2018\/09\/44849009161_97935c432b_z.jpg\"><img decoding=\"async\" loading=\"lazy\" alt=\"44849009161_97935c432b_z\" src=\"http:\/\/seilziehclub-gonten.ch\/wordpress\/wp-content\/uploads\/2018\/09\/44849009161_97935c432b_z.jpg\" width=\"640\" height=\"427\" \/><\/a><\/p>\n<p>&nbsp;<\/p>\n<p><strong>U23 &#8211; Bronze<\/strong><\/p>\n<h1><a href=\"http:\/\/seilziehclub-gonten.ch\/wordpress\/wp-content\/uploads\/2018\/09\/44848419011_afa4eb7238_z.jpg\"><img decoding=\"async\" loading=\"lazy\" alt=\"44848419011_afa4eb7238_z\" src=\"http:\/\/seilziehclub-gonten.ch\/wordpress\/wp-content\/uploads\/2018\/09\/44848419011_afa4eb7238_z.jpg\" width=\"640\" height=\"427\" \/><\/a><\/h1>\n<h1><\/h1>\n<h1><\/h1>\n<p><a href=\"http:\/\/seilziehclub-gonten.ch\/?page_id=7\">Medienbericht<\/a><\/p>\n<p style=\"text-align: center;\">_______________________________________________________________________________________________________________<\/p>\n<h1 style=\"text-align: center;\">In s\u00e4mtlichen Begegnungen ungeschlagen<\/h1>\n<h3 style=\"text-align: center;\">Gontner Seilzieherinnen mit klarem Punktevorsprung Schweizermeister 2018<\/h3>\n<p style=\"text-align: center;\"><a href=\"http:\/\/seilziehclub-gonten.ch\/wordpress\/wp-content\/uploads\/2018\/08\/20180819_133733.jpg\"><img decoding=\"async\" loading=\"lazy\" alt=\"20180819_133733\" src=\"http:\/\/seilziehclub-gonten.ch\/wordpress\/wp-content\/uploads\/2018\/08\/20180819_133733-910x1024.jpg\" width=\"546\" height=\"614\" \/><\/a><\/p>\n<p style=\"text-align: center;\"><a href=\"http:\/\/seilziehclub-gonten.ch\/?page_id=7\">Medienbericht<\/a><\/p>\n<p style=\"text-align: center;\">_______________________________________________________________________________________________________________<\/p>\n<h2 style=\"text-align: center;\"><b>Erneut zwei erfolgreiche Seilziehwettk\u00e4mpfe f\u00fcr die Damen des Seilziehclub Gonten<\/b><\/h2>\n<h1 style=\"text-align: center;\"><a href=\"http:\/\/seilziehclub-gonten.ch\/wordpress\/wp-content\/uploads\/2018\/06\/20180617_232056.jpg\"><img decoding=\"async\" loading=\"lazy\" alt=\"20180617_232056\" src=\"http:\/\/seilziehclub-gonten.ch\/wordpress\/wp-content\/uploads\/2018\/06\/20180617_232056-1024x346.jpg\" width=\"717\" height=\"242\" \/><\/a><\/h1>\n<p style=\"text-align: center;\"><a href=\"http:\/\/seilziehclub-gonten.ch\/?page_id=7\">Medienbericht<\/a><\/p>\n<p style=\"text-align: center;\">_______________________________________________________________________________________________________________<\/p>\n<h1 style=\"text-align: center;\">Seilziehfest Gonten 2018<\/h1>\n<p style=\"text-align: center;\"><a href=\"http:\/\/seilziehclub-gonten.ch\/wordpress\/wp-content\/uploads\/2013\/07\/P1040142.jpg\"><img decoding=\"async\" loading=\"lazy\" alt=\"P1040142\" src=\"http:\/\/seilziehclub-gonten.ch\/wordpress\/wp-content\/uploads\/2013\/07\/P1040142.jpg\" width=\"640\" height=\"480\" \/><\/a><\/p>\n<p style=\"text-align: center;\"><a href=\"http:\/\/seilziehclub-gonten.ch\/?page_id=67\">Hier geht&#8217;s zu den Bildern<\/a><\/p>\n<p>&nbsp;<\/p>\n<p style=\"text-align: center;\">_______________________________________________________________________________________________________________<\/p>\n<p>&nbsp;<\/p>\n<h3><\/h3>\n<h2 style=\"text-align: center;\">Erfolgreiche Seilzieherinnen in Southport \u00a0(ENG)<\/h2>\n<h3 style=\"text-align: center;\">Weltmeister Team Ladies U23, mit Tanja Knechtle und Franz F\u00e4ssler<\/h3>\n<h3 style=\"text-align: center;\">EM-Bronze f\u00fcr die Damen 520 kg<\/h3>\n<h3 style=\"text-align: center;\">Europameister Damen 560 kg<\/h3>\n<h2 style=\"text-align: center;\"><\/h2>\n<table class=\" aligncenter\" border=\"0\">\n<tbody>\n<tr>\n<td style=\"text-align: center;\"><a href=\"http:\/\/seilziehclub-gonten.ch\/wordpress\/wp-content\/uploads\/2017\/09\/21949852_1269894766490259_2546121297067486532_o.jpg\"><img decoding=\"async\" loading=\"lazy\" class=\"aligncenter\" alt=\"21949852_1269894766490259_2546121297067486532_o\" src=\"http:\/\/seilziehclub-gonten.ch\/wordpress\/wp-content\/uploads\/2017\/09\/21949852_1269894766490259_2546121297067486532_o-300x162.jpg\" width=\"222\" height=\"120\" \/><\/a><\/td>\n<td style=\"text-align: center;\"><a href=\"http:\/\/seilziehclub-gonten.ch\/wordpress\/wp-content\/uploads\/2017\/09\/21753431_1268258853320517_3007249980125921035_o.jpg\"><img decoding=\"async\" loading=\"lazy\" alt=\"21753431_1268258853320517_3007249980125921035_o\" src=\"http:\/\/seilziehclub-gonten.ch\/wordpress\/wp-content\/uploads\/2017\/09\/21753431_1268258853320517_3007249980125921035_o-300x191.jpg\" width=\"227\" height=\"145\" \/><\/a><\/td>\n<td><a href=\"http:\/\/seilziehclub-gonten.ch\/wordpress\/wp-content\/uploads\/2017\/09\/21950786_1754401507904780_2801779895165557350_o.jpg\"><img decoding=\"async\" loading=\"lazy\" alt=\"21950786_1754401507904780_2801779895165557350_o\" src=\"http:\/\/seilziehclub-gonten.ch\/wordpress\/wp-content\/uploads\/2017\/09\/21950786_1754401507904780_2801779895165557350_o-300x199.jpg\" width=\"225\" height=\"149\" \/><\/a><\/td>\n<\/tr>\n<\/tbody>\n<\/table>\n<p style=\"text-align: center;\">_______________________________________________________________________________________________________________<\/p>\n<h2 style=\"text-align: center;\">Seilziehfest Gonten 2017<\/h2>\n<p style=\"text-align: center;\"><a href=\"http:\/\/seilziehclub-gonten.ch\/wordpress\/wp-content\/uploads\/2013\/07\/P1020372-3.jpg\"><img decoding=\"async\" loading=\"lazy\" alt=\"P1020372 (3)\" src=\"http:\/\/seilziehclub-gonten.ch\/wordpress\/wp-content\/uploads\/2013\/07\/P1020372-3.jpg\" width=\"752\" height=\"469\" \/><\/a><\/p>\n<p style=\"text-align: center;\"><a href=\"http:\/\/seilziehclub-gonten.ch\/?page_id=67\">Hier geht&#8217;s zu den Bildern<\/a><\/p>\n<h3 style=\"text-align: center;\"><strong><a href=\"https:\/\/goo.gl\/forms\/75oyR2LhjHUT3Ewq1\">\u00a0<\/a><\/strong><\/h3>\n<p style=\"text-align: center;\">_______________________________________________________________________________________________________________<\/p>\n<h2 style=\"text-align: center;\">Seilziehfest Gonten 2016<\/h2>\n<p style=\"text-align: center;\"><a title=\"Bilder\" href=\"http:\/\/seilziehclub-gonten.ch\/?page_id=67\">Hier geht&#8217;s zu den Bildern<\/a><\/p>\n<p style=\"text-align: center;\"><a href=\"http:\/\/seilziehclub-gonten.ch\/wordpress\/wp-content\/uploads\/2013\/07\/P1000406.jpg\"><img decoding=\"async\" loading=\"lazy\" alt=\"P1000406\" src=\"http:\/\/seilziehclub-gonten.ch\/wordpress\/wp-content\/uploads\/2013\/07\/P1000406-1024x768.jpg\" width=\"645\" height=\"484\" \/><\/a><\/p>\n<p style=\"text-align: center;\">_______________________________________________________________________________________________________________<\/p>\n<h2 style=\"text-align: center;\"><strong>Erfolgreiche Schweizer Seilzieherinnen an der EM in Belfast<br \/>\n<\/strong><\/h2>\n<h2 style=\"text-align: center;\"><strong>Europameister in der Kategorie Damen 560 kg<\/strong><\/h2>\n<h2 style=\"text-align: center;\">Europameister in der Kategorie Damen 520 kg<\/h2>\n<h3 style=\"text-align: center;\">Herzliche Gratulation!!!<\/h3>\n<p style=\"text-align: center;\"><a href=\"http:\/\/seilziehclub-gonten.ch\/wordpress\/wp-content\/uploads\/2015\/09\/facebook_1441532404238.jpg\"><img decoding=\"async\" loading=\"lazy\" alt=\".facebook_1441532404238\" src=\"http:\/\/seilziehclub-gonten.ch\/wordpress\/wp-content\/uploads\/2015\/09\/facebook_1441532404238.jpg\" width=\"691\" height=\"460\" \/><\/a><\/p>\n<p style=\"text-align: center;\"><a href=\"http:\/\/seilziehclub-gonten.ch\/wordpress\/wp-content\/uploads\/2015\/10\/IMG_4796.jpg\"><img decoding=\"async\" loading=\"lazy\" alt=\"IMG_4796\" src=\"http:\/\/seilziehclub-gonten.ch\/wordpress\/wp-content\/uploads\/2015\/10\/IMG_4796.jpg\" width=\"640\" height=\"426\" \/><\/a><\/p>\n<p style=\"text-align: center;\">_______________________________________________________________________________________________________________<\/p>\n<h3 style=\"text-align: center;\">Das Heimturnier 2015 ist nun bereits wieder Vergangenheit<\/h3>\n<p style=\"text-align: center;\"><a title=\"Bilder\" href=\"http:\/\/seilziehclub-gonten.ch\/?page_id=67\">Hier geht&#8217;s zu den Bildern<\/a><\/p>\n<p style=\"text-align: center;\"><a href=\"http:\/\/seilziehclub-gonten.ch\/wordpress\/wp-content\/uploads\/2013\/07\/P1120174.jpg\"><img decoding=\"async\" loading=\"lazy\" alt=\"P1120174\" src=\"http:\/\/seilziehclub-gonten.ch\/wordpress\/wp-content\/uploads\/2013\/07\/P1120174.jpg\" width=\"640\" height=\"480\" \/><\/a><\/p>\n<p style=\"text-align: center;\">_______________________________________________________________________________________________________________<\/p>\n<h2 style=\"text-align: center;\"><strong>Erfolgreiche Schweizer Seilzieherinnen an der WM in Madison (USA)<br \/>\n<\/strong><\/h2>\n<h2 style=\"text-align: center;\"><strong>Silber in der Kategorie Damen 540 kg<\/strong><\/h2>\n<h2 style=\"text-align: center;\"><strong>Bronze in der Kategorie Damen 500 kg<\/strong><\/h2>\n<h3 style=\"text-align: center;\">Herzliche Gratulation!!!<\/h3>\n<p style=\"text-align: center;\">\u00a0\u00a0<a href=\"http:\/\/seilziehclub-gonten.ch\/wordpress\/wp-content\/uploads\/2013\/07\/Fr-540.jpg\"><img decoding=\"async\" loading=\"lazy\" alt=\"Fr-540\" src=\"http:\/\/seilziehclub-gonten.ch\/wordpress\/wp-content\/uploads\/2013\/07\/Fr-540.jpg\" width=\"665\" height=\"301\" \/><\/a><\/p>\n<p style=\"text-align: center;\">Stilvoll und kompromisslos bestritten die Schweizerinnen die Vorrundenk\u00e4mpfe in der Kategorie 540 kg,\u00a0in dem sie Punkte abgeben musste. Dennoch reichte es f\u00fcr den Halbfinal, in dem sie die Turnier-Mitfavoritinnen Chinese Taipei\u00a0klar auf ihre Seite zogen. Im Final hiess der Gegner erneut Schweden. Gegen diese Mannschaft hatten die Schweizerinnen schon in der Vorrunde Probleme, welche im Final nicht \u00fcberwunden werden konnten. Die Punkte mussten den Schwedinnenen \u00fcberlassen werden, somit erk\u00e4mpften sich die Schweizerinnen die Silbermedaille.<\/p>\n<p style=\"text-align: center;\">Vom Seilziehclub Gonten waren am Seil: Jasmin Br\u00fclisauer, Erika Hautle, Ursula F\u00e4ssler, Judith D\u00e4hler, Liselotte Leuch, Silvia Manser<br \/>\nCoach: Franz F\u00e4ssler<\/p>\n<p style=\"text-align: center;\"><a href=\"http:\/\/seilziehclub-gonten.ch\/wordpress\/wp-content\/uploads\/2013\/07\/FR-500.jpg\"><img decoding=\"async\" loading=\"lazy\" alt=\"FR-500\" src=\"http:\/\/seilziehclub-gonten.ch\/wordpress\/wp-content\/uploads\/2013\/07\/FR-500.jpg\" width=\"665\" height=\"294\" \/><\/a><\/p>\n<p style=\"text-align: center;\">Am 2. Wettkampftag startete die Nationalmannschaft in der Katergorie bis 500 kg. In der Vorrunde mussten die Damen nur einen Punkt gegen Schweden abgeben, alle anderen Z\u00fcge konnten sie f\u00fcr sich entscheiden. Im Halbfinale trafen die Schweizerinnen erneut auf Chinese Taipei. Im Gegensatz zur Vorrunde konnten die Schweizerinnen aber dieses Mal leider keine Punkte mehr erziehlen gegen den sp\u00e4teren Weltmeister. Im kleinen Finale gegen das Team der USA liessen die Damen dann aber nichts mehr anbrennen und sicherten sich somit die Bronzemedaille.<\/p>\n<p style=\"text-align: center;\">Vom Seilziehclub Gonten waren am Seil: Jasmin Br\u00fclisauer, Ursula F\u00e4ssler, Yvonne F\u00e4ssler,\u00a0Tanja Knechtle, Judith D\u00e4hler, Silvia Manser<br \/>\nCoach: Franz F\u00e4ssler<\/p>\n<p style=\"text-align: center;\">_______________________________________________________________________________________________________________<\/p>\n<p style=\"text-align: center;\"><a href=\"http:\/\/seilziehclub-gonten.ch\/wordpress\/wp-content\/uploads\/2013\/08\/Clubfoto2012.jpg\"><img decoding=\"async\" loading=\"lazy\" alt=\"SONY DSC\" src=\"http:\/\/seilziehclub-gonten.ch\/wordpress\/wp-content\/uploads\/2013\/08\/Clubfoto2012.jpg\" width=\"640\" height=\"427\" \/><\/a><\/p>\n<p style=\"text-align: center;\" align=\"center\">Ein herzliches Dankesch\u00f6n an\u00a0<b>Alpstein Sport<\/b>. Anfangs April 2012<br \/>\ndurften wir unsere neue Clubjacke voller Freude entgegen nehmen.<\/p>\n<p align=\"center\"><img decoding=\"async\" loading=\"lazy\" class=\"aligncenter\" alt=\"\" src=\"http:\/\/www.seilziehclub-gonten.ch\/images\/Diverse\/Logo_Alpsteinsport.jpg\" width=\"132\" height=\"113\" border=\"0\" \/><\/p>\n","protected":false},"excerpt":{"rendered":"<p>2 x Gold an der EM in Castlebar (IRL) Medienbericht Zu den Bildern _______________________________________________________________________________________________________________ Landfrauen zu Besuch in Appenzell &nbsp; Medienbericht _______________________________________________________________________________________________________________ \u201eBravo, ich bin stolz auf euch alle!\u201c &nbsp; Medienbericht _______________________________________________________________________________________________________________ Glanzleistungen in Beruf und Sport Medienbericht _______________________________________________________________________________________________________________ &nbsp; Zweimal Silber und einmal Bronze f\u00fcr Gontnerinnen &nbsp; Damen 500 kg &#8211; Vize-Weltmeister &nbsp; &nbsp; &hellip; <a class=\"read-excerpt\" href=\"https:\/\/seilziehclub-gonten.ch\/?page_id=892\">Weiterlesen <span class=\"meta-nav\">&raquo;<\/span><\/a><\/p>\n","protected":false},"author":2,"featured_media":0,"parent":0,"menu_order":0,"comment_status":"closed","ping_status":"closed","template":"","meta":{"ngg_post_thumbnail":0},"_links":{"self":[{"href":"https:\/\/seilziehclub-gonten.ch\/index.php?rest_route=\/wp\/v2\/pages\/892"}],"collection":[{"href":"https:\/\/seilziehclub-gonten.ch\/index.php?rest_route=\/wp\/v2\/pages"}],"about":[{"href":"https:\/\/seilziehclub-gonten.ch\/index.php?rest_route=\/wp\/v2\/types\/page"}],"author":[{"embeddable":true,"href":"https:\/\/seilziehclub-gonten.ch\/index.php?rest_route=\/wp\/v2\/users\/2"}],"replies":[{"embeddable":true,"href":"https:\/\/seilziehclub-gonten.ch\/index.php?rest_route=%2Fwp%2Fv2%2Fcomments&post=892"}],"version-history":[{"count":25,"href":"https:\/\/seilziehclub-gonten.ch\/index.php?rest_route=\/wp\/v2\/pages\/892\/revisions"}],"predecessor-version":[{"id":1601,"href":"https:\/\/seilziehclub-gonten.ch\/index.php?rest_route=\/wp\/v2\/pages\/892\/revisions\/1601"}],"wp:attachment":[{"href":"https:\/\/seilziehclub-gonten.ch\/index.php?rest_route=%2Fwp%2Fv2%2Fmedia&parent=892"}],"curies":[{"name":"wp","href":"https:\/\/api.w.org\/{rel}","templated":true}]}}